{"id":258,"date":"2018-11-12T08:09:31","date_gmt":"2018-11-12T04:09:31","guid":{"rendered":"https:\/\/www.green-cottagechamarel.com\/contact-us\/"},"modified":"2024-09-25T10:50:37","modified_gmt":"2024-09-25T06:50:37","slug":"contactez-nous","status":"publish","type":"page","link":"https:\/\/www.green-cottagechamarel.com\/fr\/contactez-nous\/","title":{"rendered":"Contactez-nous"},"content":{"rendered":"\t\t<div data-elementor-type=\"wp-page\" data-elementor-id=\"258\" class=\"elementor elementor-258 elementor-120\">\n\t\t\t\t\t\t<section class=\"elementor-section elementor-top-section elementor-element elementor-element-a634151 elementor-section-height-min-height elementor-section-boxed elementor-section-height-default elementor-section-items-middle\" data-id=\"a634151\" data-element_type=\"section\" data-settings=\"{&quot;background_background&quot;:&quot;classic&quot;}\">\n\t\t\t\t\t\t\t<div class=\"elementor-background-overlay\"><\/div>\n\t\t\t\t\t\t\t<div class=\"elementor-container elementor-column-gap-default\">\n\t\t\t\t\t<div class=\"elementor-column elementor-col-100 elementor-top-column elementor-element elementor-element-f7ab120\" data-id=\"f7ab120\" data-element_type=\"column\">\n\t\t\t<div class=\"elementor-widget-wrap elementor-element-populated\">\n\t\t\t\t\t\t<div class=\"elementor-element elementor-element-289c98c elementor-widget elementor-widget-cs_title\" data-id=\"289c98c\" data-element_type=\"widget\" data-widget_type=\"cs_title.default\">\n\t\t\t\t<div class=\"elementor-widget-container\">\n\t\t\t\t\t\n        <div class=\"cs-title-wrap text-center\">\t            <h1 class=\"cs-title color-white\">\n\t                Contactez-nous\t            <\/h1>        <\/div>\t\t\t\t<\/div>\n\t\t\t\t<\/div>\n\t\t\t\t\t<\/div>\n\t\t<\/div>\n\t\t\t\t\t<\/div>\n\t\t<\/section>\n\t\t\t\t<section class=\"elementor-section elementor-top-section elementor-element elementor-element-210cdb20 elementor-section-boxed elementor-section-height-default elementor-section-height-default\" data-id=\"210cdb20\" data-element_type=\"section\" data-settings=\"{&quot;background_background&quot;:&quot;classic&quot;}\">\n\t\t\t\t\t\t<div class=\"elementor-container elementor-column-gap-default\">\n\t\t\t\t\t<div class=\"elementor-column elementor-col-50 elementor-top-column elementor-element elementor-element-d597464\" data-id=\"d597464\" data-element_type=\"column\">\n\t\t\t<div class=\"elementor-widget-wrap elementor-element-populated\">\n\t\t\t\t\t\t<div class=\"elementor-element elementor-element-fc51a75 quformwhite elementor-widget elementor-widget-shortcode\" data-id=\"fc51a75\" data-element_type=\"widget\" data-widget_type=\"shortcode.default\">\n\t\t\t\t<div class=\"elementor-widget-container\">\n\t\t\t\t\t\t\t<div class=\"elementor-shortcode\"><div id=\"quform-faa114\" class=\"quform quform-2 quform-support-page-caching\"><form id=\"quform-form-faa114\" class=\"quform-form quform-form-2\" action=\"\/fr\/wp-json\/wp\/v2\/pages\/258#quform-faa114\" method=\"post\" enctype=\"multipart\/form-data\" novalidate=\"novalidate\" data-options=\"{&quot;id&quot;:2,&quot;uniqueId&quot;:&quot;faa114&quot;,&quot;theme&quot;:&quot;&quot;,&quot;ajax&quot;:true,&quot;logic&quot;:{&quot;logic&quot;:[],&quot;dependents&quot;:[],&quot;elementIds&quot;:[],&quot;dependentElementIds&quot;:[],&quot;animate&quot;:true},&quot;currentPageId&quot;:1,&quot;errorsIcon&quot;:&quot;&quot;,&quot;updateFancybox&quot;:true,&quot;hasPages&quot;:false,&quot;pages&quot;:[1],&quot;pageProgressType&quot;:&quot;numbers&quot;,&quot;tooltipsEnabled&quot;:true,&quot;tooltipClasses&quot;:&quot;qtip-quform-dark qtip-shadow&quot;,&quot;tooltipMy&quot;:&quot;left center&quot;,&quot;tooltipAt&quot;:&quot;right center&quot;,&quot;isRtl&quot;:false,&quot;scrollOffset&quot;:-50,&quot;scrollSpeed&quot;:800}\"><button class=\"quform-default-submit\" name=\"quform_submit\" type=\"submit\" value=\"submit\" aria-hidden=\"true\" tabindex=\"-1\"><\/button><div class=\"quform-form-inner quform-form-inner-2\"><input type=\"hidden\" name=\"quform_form_id\" value=\"2\" \/><input type=\"hidden\" name=\"quform_form_uid\" value=\"faa114\" \/><input type=\"hidden\" name=\"quform_count\" value=\"1\" \/><input type=\"hidden\" name=\"form_url\" value=\"https:\/\/www.green-cottagechamarel.com\/fr\/wp-json\/wp\/v2\/pages\/258\" \/><input type=\"hidden\" name=\"referring_url\" value=\"\" \/><input type=\"hidden\" name=\"post_id\" value=\"\" \/><input type=\"hidden\" name=\"post_title\" value=\"\" \/><input type=\"hidden\" name=\"quform_current_page_id\" value=\"1\" \/><input type=\"hidden\" name=\"quform_csrf_token\" value=\"aDh7sFUcVOAZdE1tHMOIABZ2NpfCL7ye2PvXITeU\" \/><div class=\"quform-elements quform-elements-2 quform-cf quform-responsive-elements-phone-landscape\"><div class=\"quform-element quform-element-page quform-page-1 quform-page-2_1 quform-cf quform-group-style-plain quform-first-page quform-last-page quform-current-page\"><div class=\"quform-child-elements\"><div class=\"quform-element quform-element-text quform-element-2_3 quform-cf quform-element-required\"><div class=\"quform-spacer\"><div class=\"quform-label quform-label-2_3\"><label class=\"quform-label-text\" for=\"quform_2_3_faa114\">Pr\u00e9nom <span class=\"quform-required\">*<\/span><\/label><\/div><div class=\"quform-inner quform-inner-text quform-inner-2_3\"><div class=\"quform-input quform-input-text quform-input-2_3 quform-cf\"><input type=\"text\" id=\"quform_2_3_faa114\" name=\"quform_2_3\" class=\"quform-field quform-field-text quform-field-2_3\" \/><\/div><\/div><\/div><\/div><div class=\"quform-element quform-element-text quform-element-2_4 quform-cf quform-element-required\"><div class=\"quform-spacer\"><div class=\"quform-label quform-label-2_4\"><label class=\"quform-label-text\" for=\"quform_2_4_faa114\">Nom<span class=\"quform-required\">*<\/span><\/label><\/div><div class=\"quform-inner quform-inner-text quform-inner-2_4\"><div class=\"quform-input quform-input-text quform-input-2_4 quform-cf\"><input type=\"text\" id=\"quform_2_4_faa114\" name=\"quform_2_4\" class=\"quform-field quform-field-text quform-field-2_4\" \/><\/div><\/div><\/div><\/div><div class=\"quform-element quform-element-email quform-element-2_5 quform-cf quform-element-required\"><div class=\"quform-spacer\"><div class=\"quform-label quform-label-2_5\"><label class=\"quform-label-text\" for=\"quform_2_5_faa114\">Adresse e-mail<span class=\"quform-required\">*<\/span><\/label><\/div><div class=\"quform-inner quform-inner-email quform-inner-2_5\"><div class=\"quform-input quform-input-email quform-input-2_5 quform-cf\"><input type=\"email\" id=\"quform_2_5_faa114\" name=\"quform_2_5\" class=\"quform-field quform-field-email quform-field-2_5\" \/><\/div><\/div><\/div><\/div><div class=\"quform-element quform-element-textarea quform-element-2_6 quform-cf quform-element-required\"><div class=\"quform-spacer\"><div class=\"quform-label quform-label-2_6\"><label class=\"quform-label-text\" for=\"quform_2_6_faa114\">Message<span class=\"quform-required\">*<\/span><\/label><\/div><div class=\"quform-inner quform-inner-textarea quform-inner-2_6\"><div class=\"quform-input quform-input-textarea quform-input-2_6 quform-cf\"><textarea id=\"quform_2_6_faa114\" name=\"quform_2_6\" class=\"quform-field quform-field-textarea quform-field-2_6\"><\/textarea><\/div><\/div><\/div><\/div><div class=\"quform-element quform-element-recaptcha quform-element-2_7 quform-cf quform-element-required\"><div class=\"quform-spacer\"><div class=\"quform-label quform-label-2_7\"><label class=\"quform-label-text\">\u00cates-vous humain ?<span class=\"quform-required\">*<\/span><\/label><\/div><div class=\"quform-inner quform-inner-recaptcha quform-inner-2_7\"><div class=\"quform-input quform-input-recaptcha quform-input-2_7 quform-cf\"><div class=\"quform-recaptcha\" data-config=\"{&quot;sitekey&quot;:&quot;6LfB0IoUAAAAAPSTjiOxb0cio3ER6fZpcOeKNmtQ&quot;,&quot;_version&quot;:&quot;v2&quot;,&quot;size&quot;:&quot;normal&quot;,&quot;type&quot;:&quot;image&quot;,&quot;theme&quot;:&quot;light&quot;,&quot;badge&quot;:&quot;bottomright&quot;}\"><\/div><noscript><div><div style=\"width: 302px; height: 422px; position: relative;\"><div style=\"width: 302px; height: 422px; position: absolute;\"><iframe src=\"https:\/\/www.google.com\/recaptcha\/api\/fallback?k=6LfB0IoUAAAAAPSTjiOxb0cio3ER6fZpcOeKNmtQ\" frameborder=\"0\" scrolling=\"no\" style=\"width: 302px; height:422px; border-style: none;\"><\/iframe><\/div><\/div><div style=\"width: 300px; height: 60px; border-style: none; bottom: 12px; left: 25px; margin: 0px; padding: 0px; right: 25px; background: #f9f9f9; border: 1px solid #c1c1c1; border-radius: 3px;\"><textarea name=\"g-recaptcha-response\" class=\"g-recaptcha-response\" style=\"width: 250px; height: 40px; border: 1px solid #c1c1c1; margin: 10px 25px; padding: 0px; resize: none;\" aria-hidden=\"true\"><\/textarea><\/div><\/div><\/noscript><\/div><\/div><\/div><\/div><div class=\"quform-element quform-element-submit quform-element-2_2 quform-cf quform-button-style-theme\"><div class=\"quform-button-submit quform-button-submit-default quform-button-submit-2_2\"><button name=\"quform_submit\" type=\"submit\" class=\"quform-submit\" value=\"submit\"><span class=\"quform-button-text quform-button-submit-text\">Envoyer<\/span><\/button><\/div><div class=\"quform-loading quform-loading-position-left quform-loading-type-spinner-1\"><div class=\"quform-loading-inner\"><div class=\"quform-loading-spinner\"><div class=\"quform-loading-spinner-inner\"><\/div><\/div><\/div><\/div><\/div><div class=\"quform-element-tree\"><label for=\"quform_2_0_faa114\">This field should be left blank<\/label><input type=\"text\" id=\"quform_2_0_faa114\" name=\"quform_2_0\" class=\"quform-field quform-field-tree quform-field-2_0\" tabindex=\"-1\" autocomplete=\"off\" \/><\/div><\/div><\/div><\/div><\/div><\/form><\/div><\/div>\n\t\t\t\t\t\t<\/div>\n\t\t\t\t<\/div>\n\t\t\t\t\t<\/div>\n\t\t<\/div>\n\t\t\t\t<div class=\"elementor-column elementor-col-50 elementor-top-column elementor-element elementor-element-7c1a0917\" data-id=\"7c1a0917\" data-element_type=\"column\">\n\t\t\t<div class=\"elementor-widget-wrap elementor-element-populated\">\n\t\t\t\t\t\t<div class=\"elementor-element elementor-element-512607f4 elementor-widget elementor-widget-text-editor\" data-id=\"512607f4\" data-element_type=\"widget\" data-widget_type=\"text-editor.default\">\n\t\t\t\t<div class=\"elementor-widget-container\">\n\t\t\t\t\t\t\t\t\t<p><strong>Informations:<\/strong><\/p><ul><li>R\u00e9seaux pour t\u00e9l\u00e9phones mobiles<\/li><li>Acc\u00e8s Internet<\/li><li>Animaux non admis<\/li><li>Une balade en tonnelle priv\u00e9e peut \u00eatre utilis\u00e9e sur la propri\u00e9t\u00e9<\/li><li>Il n\u2019est pas autoris\u00e9 d\u2019organiser de f\u00eates ou d\u2019\u00e9v\u00e9nements au Green Cottage<\/li><li>Les photos sont indicatives et non contractuelles<\/li><li>En raison de son emplacement, il est recommand\u00e9 aux clients de disposer de leur propre moyen de transport car il faut compter 30 minutes de marche pour rejoindre le chalet par une colline escarp\u00e9e.<\/li><li>Toutes les demandes sp\u00e9ciales seront trait\u00e9es au moment de la r\u00e9servation.<\/li><\/ul><p><strong>Touche sp\u00e9ciale:<\/strong><\/p><ul><li>Pour un s\u00e9jour minimum d\u2019une semaine, un ticket d\u2019acc\u00e8s gratuit par invit\u00e9 sera remis pour les visites des attractions suivantes :<br \/>Terre des 7 couleurs<br \/>Ebony Forest<br \/>Curious corner<\/li><li>Des croisi\u00e8res avec les dauphins peuvent \u00eatre organis\u00e9es (frais suppl\u00e9mentaires)<\/li><li>Location de voiture peut \u00eatre organis\u00e9e (frais suppl\u00e9mentaires)<\/li><\/ul><p><strong>Mode de paiement:<\/strong><br \/>En esp\u00e8ces ou virement bancaire<\/p><p><strong>Arriv\u00e9e D\u00e9part:<\/strong><\/p><ul><li>Heure d\u2019enregistrement: 13h00 \u2013 16h00<\/li><li>Heure de d\u00e9part: 09h30<\/li><li>Lors de votre arriv\u00e9e : Paiement\u00a0 r\u00e9gl\u00e9 (Obligatoire)<\/li><li>Identification durant votre enregistrement : pi\u00e8ce d\u2019identit\u00e9 avec photo requise<\/li><li>L\u2019\u00e2ge minimum d\u2019enregistrement est de 18 ans: les enfants sont les bienvenus<\/li><li>Le chalet : non-fumeur \/ Il est permis de fumer que sur la terrasse et \u00e0 l\u2019ext\u00e9rieur<\/li><li>Annulation gratuite<\/li><li>2 nuits minimum pour la r\u00e9servation<\/li><\/ul>\t\t\t\t\t\t\t\t<\/div>\n\t\t\t\t<\/div>\n\t\t\t\t\t<\/div>\n\t\t<\/div>\n\t\t\t\t\t<\/div>\n\t\t<\/section>\n\t\t\t\t<\/div>\n\t\t","protected":false},"excerpt":{"rendered":"<p>Contactez-nous Informations: R\u00e9seaux pour t\u00e9l\u00e9phones mobiles Acc\u00e8s Internet Animaux non admis Une balade en tonnelle priv\u00e9e peut \u00eatre utilis\u00e9e sur la propri\u00e9t\u00e9 Il n\u2019est pas autoris\u00e9 d\u2019organiser de f\u00eates ou d\u2019\u00e9v\u00e9nements au Green Cottage Les photos sont indicatives et non contractuelles En raison de son emplacement, il est recommand\u00e9 aux clients de disposer de leur &#8230;<\/p>\n","protected":false},"author":1,"featured_media":0,"parent":0,"menu_order":0,"comment_status":"closed","ping_status":"closed","template":"elementor_header_footer","meta":{"_acf_changed":false,"_monsterinsights_skip_tracking":false,"_monsterinsights_sitenote_active":false,"_monsterinsights_sitenote_note":"","_monsterinsights_sitenote_category":0,"cozystay_single_page_hide_site_header":"","cozystay_single_page_site_header_source":"","cozystay_single_page_custom_site_header":"","cozystay_single_page_custom_sticky_site_header":"","cozystay_single_page_hide_page_title":"","cozystay_single_page_header_section_size":"","cozystay_single_page_header_background_color":"","cozystay_single_page_header_background_position_x":"center","cozystay_single_page_header_background_position_y":"center","cozystay_single_page_header_background_size":"cover","cozystay_single_page_header_background_repeat":"off","cozystay_single_page_header_background_scroll":"on","cozystay_single_page_header_text_color":"","cozystay_single_page_header_show_breadcrumb":"","cozystay_single_page_site_footer_hide_main":"","cozystay_single_custom_site_footer_main_source":"","cozystay_single_custom_site_footer_main":"","cozystay_single_page_site_footer_hide_above":"","cozystay_single_custom_site_footer_above_source":"","cozystay_single_custom_site_footer_above":"","cozystay_single_page_site_footer_hide_instagram":"","cozystay_single_page_site_footer_hide_bottom":"","cozystay_single_custom_mobile_menu_source":"","cozystay_single_custom_mobile_menu":"","cozystay_single_custom_mobile_menu_animation":"","cozystay_single_custom_mobile_menu_width":"","cozystay_single_custom_mobile_menu_custom_width":375,"footnotes":""},"class_list":["post-258","page","type-page","status-publish","hentry"],"acf":[],"yoast_head":"<!-- This site is optimized with the Yoast SEO plugin v25.9 - https:\/\/yoast.com\/wordpress\/plugins\/seo\/ -->\n<title>Contactez-nous - Green Cottage - Chamarel<\/title>\n<meta name=\"description\" content=\"Contact Green Cottage Chamarel Mauritius\" \/>\n<meta name=\"robots\" content=\"index, follow, max-snippet:-1, max-image-preview:large, max-video-preview:-1\" \/>\n<link rel=\"canonical\" href=\"https:\/\/www.green-cottagechamarel.com\/fr\/contactez-nous\/\" \/>\n<meta property=\"og:locale\" content=\"fr_FR\" \/>\n<meta property=\"og:type\" content=\"article\" \/>\n<meta property=\"og:title\" content=\"Contactez-nous - Green Cottage - Chamarel\" \/>\n<meta property=\"og:description\" content=\"Contact Green Cottage Chamarel Mauritius\" \/>\n<meta property=\"og:url\" content=\"https:\/\/www.green-cottagechamarel.com\/fr\/contactez-nous\/\" \/>\n<meta property=\"og:site_name\" content=\"Green Cottage - Chamarel\" \/>\n<meta property=\"article:publisher\" content=\"https:\/\/www.facebook.com\/greencottagechamarel\/\" \/>\n<meta property=\"article:modified_time\" content=\"2024-09-25T06:50:37+00:00\" \/>\n<meta name=\"twitter:card\" content=\"summary_large_image\" \/>\n<meta name=\"twitter:label1\" content=\"Dur\u00e9e de lecture estim\u00e9e\" \/>\n\t<meta name=\"twitter:data1\" content=\"2 minutes\" \/>\n<script type=\"application\/ld+json\" class=\"yoast-schema-graph\">{\"@context\":\"https:\/\/schema.org\",\"@graph\":[{\"@type\":\"WebPage\",\"@id\":\"https:\/\/www.green-cottagechamarel.com\/fr\/contactez-nous\/\",\"url\":\"https:\/\/www.green-cottagechamarel.com\/fr\/contactez-nous\/\",\"name\":\"Contactez-nous - Green Cottage - Chamarel\",\"isPartOf\":{\"@id\":\"https:\/\/www.green-cottagechamarel.com\/#website\"},\"datePublished\":\"2018-11-12T04:09:31+00:00\",\"dateModified\":\"2024-09-25T06:50:37+00:00\",\"description\":\"Contact Green Cottage Chamarel Mauritius\",\"breadcrumb\":{\"@id\":\"https:\/\/www.green-cottagechamarel.com\/fr\/contactez-nous\/#breadcrumb\"},\"inLanguage\":\"fr-FR\",\"potentialAction\":[{\"@type\":\"ReadAction\",\"target\":[\"https:\/\/www.green-cottagechamarel.com\/fr\/contactez-nous\/\"]}]},{\"@type\":\"BreadcrumbList\",\"@id\":\"https:\/\/www.green-cottagechamarel.com\/fr\/contactez-nous\/#breadcrumb\",\"itemListElement\":[{\"@type\":\"ListItem\",\"position\":1,\"name\":\"Home\",\"item\":\"https:\/\/www.green-cottagechamarel.com\/fr\/\"},{\"@type\":\"ListItem\",\"position\":2,\"name\":\"Contactez-nous\"}]},{\"@type\":\"WebSite\",\"@id\":\"https:\/\/www.green-cottagechamarel.com\/#website\",\"url\":\"https:\/\/www.green-cottagechamarel.com\/\",\"name\":\"Green Cottage - Chamarel\",\"description\":\"Villa in Mauritius\",\"publisher\":{\"@id\":\"https:\/\/www.green-cottagechamarel.com\/#organization\"},\"potentialAction\":[{\"@type\":\"SearchAction\",\"target\":{\"@type\":\"EntryPoint\",\"urlTemplate\":\"https:\/\/www.green-cottagechamarel.com\/?s={search_term_string}\"},\"query-input\":{\"@type\":\"PropertyValueSpecification\",\"valueRequired\":true,\"valueName\":\"search_term_string\"}}],\"inLanguage\":\"fr-FR\"},{\"@type\":\"Organization\",\"@id\":\"https:\/\/www.green-cottagechamarel.com\/#organization\",\"name\":\"Green Cottage - Chamarel\",\"url\":\"https:\/\/www.green-cottagechamarel.com\/\",\"logo\":{\"@type\":\"ImageObject\",\"inLanguage\":\"fr-FR\",\"@id\":\"https:\/\/www.green-cottagechamarel.com\/#\/schema\/logo\/image\/\",\"url\":\"https:\/\/www.green-cottagechamarel.com\/wp-content\/uploads\/2018\/11\/logo-white-big.jpg\",\"contentUrl\":\"https:\/\/www.green-cottagechamarel.com\/wp-content\/uploads\/2018\/11\/logo-white-big.jpg\",\"width\":227,\"height\":130,\"caption\":\"Green Cottage - Chamarel\"},\"image\":{\"@id\":\"https:\/\/www.green-cottagechamarel.com\/#\/schema\/logo\/image\/\"},\"sameAs\":[\"https:\/\/www.facebook.com\/greencottagechamarel\/\"]}]}<\/script>\n<!-- \/ Yoast SEO plugin. -->","yoast_head_json":{"title":"Contactez-nous - Green Cottage - Chamarel","description":"Contact Green Cottage Chamarel Mauritius","robots":{"index":"index","follow":"follow","max-snippet":"max-snippet:-1","max-image-preview":"max-image-preview:large","max-video-preview":"max-video-preview:-1"},"canonical":"https:\/\/www.green-cottagechamarel.com\/fr\/contactez-nous\/","og_locale":"fr_FR","og_type":"article","og_title":"Contactez-nous - Green Cottage - Chamarel","og_description":"Contact Green Cottage Chamarel Mauritius","og_url":"https:\/\/www.green-cottagechamarel.com\/fr\/contactez-nous\/","og_site_name":"Green Cottage - Chamarel","article_publisher":"https:\/\/www.facebook.com\/greencottagechamarel\/","article_modified_time":"2024-09-25T06:50:37+00:00","twitter_card":"summary_large_image","twitter_misc":{"Dur\u00e9e de lecture estim\u00e9e":"2 minutes"},"schema":{"@context":"https:\/\/schema.org","@graph":[{"@type":"WebPage","@id":"https:\/\/www.green-cottagechamarel.com\/fr\/contactez-nous\/","url":"https:\/\/www.green-cottagechamarel.com\/fr\/contactez-nous\/","name":"Contactez-nous - Green Cottage - Chamarel","isPartOf":{"@id":"https:\/\/www.green-cottagechamarel.com\/#website"},"datePublished":"2018-11-12T04:09:31+00:00","dateModified":"2024-09-25T06:50:37+00:00","description":"Contact Green Cottage Chamarel Mauritius","breadcrumb":{"@id":"https:\/\/www.green-cottagechamarel.com\/fr\/contactez-nous\/#breadcrumb"},"inLanguage":"fr-FR","potentialAction":[{"@type":"ReadAction","target":["https:\/\/www.green-cottagechamarel.com\/fr\/contactez-nous\/"]}]},{"@type":"BreadcrumbList","@id":"https:\/\/www.green-cottagechamarel.com\/fr\/contactez-nous\/#breadcrumb","itemListElement":[{"@type":"ListItem","position":1,"name":"Home","item":"https:\/\/www.green-cottagechamarel.com\/fr\/"},{"@type":"ListItem","position":2,"name":"Contactez-nous"}]},{"@type":"WebSite","@id":"https:\/\/www.green-cottagechamarel.com\/#website","url":"https:\/\/www.green-cottagechamarel.com\/","name":"Green Cottage - Chamarel","description":"Villa in Mauritius","publisher":{"@id":"https:\/\/www.green-cottagechamarel.com\/#organization"},"potentialAction":[{"@type":"SearchAction","target":{"@type":"EntryPoint","urlTemplate":"https:\/\/www.green-cottagechamarel.com\/?s={search_term_string}"},"query-input":{"@type":"PropertyValueSpecification","valueRequired":true,"valueName":"search_term_string"}}],"inLanguage":"fr-FR"},{"@type":"Organization","@id":"https:\/\/www.green-cottagechamarel.com\/#organization","name":"Green Cottage - Chamarel","url":"https:\/\/www.green-cottagechamarel.com\/","logo":{"@type":"ImageObject","inLanguage":"fr-FR","@id":"https:\/\/www.green-cottagechamarel.com\/#\/schema\/logo\/image\/","url":"https:\/\/www.green-cottagechamarel.com\/wp-content\/uploads\/2018\/11\/logo-white-big.jpg","contentUrl":"https:\/\/www.green-cottagechamarel.com\/wp-content\/uploads\/2018\/11\/logo-white-big.jpg","width":227,"height":130,"caption":"Green Cottage - Chamarel"},"image":{"@id":"https:\/\/www.green-cottagechamarel.com\/#\/schema\/logo\/image\/"},"sameAs":["https:\/\/www.facebook.com\/greencottagechamarel\/"]}]}},"_links":{"self":[{"href":"https:\/\/www.green-cottagechamarel.com\/fr\/wp-json\/wp\/v2\/pages\/258","targetHints":{"allow":["GET"]}}],"collection":[{"href":"https:\/\/www.green-cottagechamarel.com\/fr\/wp-json\/wp\/v2\/pages"}],"about":[{"href":"https:\/\/www.green-cottagechamarel.com\/fr\/wp-json\/wp\/v2\/types\/page"}],"author":[{"embeddable":true,"href":"https:\/\/www.green-cottagechamarel.com\/fr\/wp-json\/wp\/v2\/users\/1"}],"replies":[{"embeddable":true,"href":"https:\/\/www.green-cottagechamarel.com\/fr\/wp-json\/wp\/v2\/comments?post=258"}],"version-history":[{"count":13,"href":"https:\/\/www.green-cottagechamarel.com\/fr\/wp-json\/wp\/v2\/pages\/258\/revisions"}],"predecessor-version":[{"id":3480,"href":"https:\/\/www.green-cottagechamarel.com\/fr\/wp-json\/wp\/v2\/pages\/258\/revisions\/3480"}],"wp:attachment":[{"href":"https:\/\/www.green-cottagechamarel.com\/fr\/wp-json\/wp\/v2\/media?parent=258"}],"curies":[{"name":"wp","href":"https:\/\/api.w.org\/{rel}","templated":true}]}}