{"id":263,"date":"2018-11-11T21:13:23","date_gmt":"2018-11-11T17:13:23","guid":{"rendered":"https:\/\/www.green-cottagechamarel.com\/locate-us\/"},"modified":"2025-07-29T11:18:22","modified_gmt":"2025-07-29T07:18:22","slug":"nous-localiser","status":"publish","type":"page","link":"https:\/\/www.green-cottagechamarel.com\/fr\/nous-localiser\/","title":{"rendered":"Nous localiser"},"content":{"rendered":"\t\t<div data-elementor-type=\"wp-page\" data-elementor-id=\"263\" class=\"elementor elementor-263 elementor-81\">\n\t\t\t\t\t\t<section class=\"elementor-section elementor-top-section elementor-element elementor-element-749af43 elementor-section-height-min-height elementor-section-boxed elementor-section-height-default elementor-section-items-middle\" data-id=\"749af43\" data-element_type=\"section\" data-settings=\"{&quot;background_background&quot;:&quot;classic&quot;}\">\n\t\t\t\t\t\t\t<div class=\"elementor-background-overlay\"><\/div>\n\t\t\t\t\t\t\t<div class=\"elementor-container elementor-column-gap-default\">\n\t\t\t\t\t<div class=\"elementor-column elementor-col-100 elementor-top-column elementor-element elementor-element-1a9bc27\" data-id=\"1a9bc27\" data-element_type=\"column\">\n\t\t\t<div class=\"elementor-widget-wrap elementor-element-populated\">\n\t\t\t\t\t\t<div class=\"elementor-element elementor-element-dee2341 elementor-widget elementor-widget-cs_title\" data-id=\"dee2341\" data-element_type=\"widget\" data-widget_type=\"cs_title.default\">\n\t\t\t\t<div class=\"elementor-widget-container\">\n\t\t\t\t\t\n        <div class=\"cs-title-wrap text-center\">\t            <h1 class=\"cs-title color-white\">\n\t                Localisez-nous\t            <\/h1>        <\/div>\t\t\t\t<\/div>\n\t\t\t\t<\/div>\n\t\t\t\t\t<\/div>\n\t\t<\/div>\n\t\t\t\t\t<\/div>\n\t\t<\/section>\n\t\t\t\t<section class=\"elementor-section elementor-top-section elementor-element elementor-element-fdabf02 elementor-section-full_width elementor-section-height-default elementor-section-height-default\" data-id=\"fdabf02\" data-element_type=\"section\" data-settings=\"{&quot;background_background&quot;:&quot;classic&quot;}\">\n\t\t\t\t\t\t<div class=\"elementor-container elementor-column-gap-no\">\n\t\t\t\t\t<div class=\"elementor-column elementor-col-50 elementor-top-column elementor-element elementor-element-cca94ea\" data-id=\"cca94ea\" data-element_type=\"column\" data-settings=\"{&quot;background_background&quot;:&quot;classic&quot;}\">\n\t\t\t<div class=\"elementor-widget-wrap\">\n\t\t\t\t\t\t\t<\/div>\n\t\t<\/div>\n\t\t\t\t<div class=\"elementor-column elementor-col-50 elementor-top-column elementor-element elementor-element-b7dd19e\" data-id=\"b7dd19e\" data-element_type=\"column\">\n\t\t\t<div class=\"elementor-widget-wrap elementor-element-populated\">\n\t\t\t\t\t\t<div class=\"elementor-element elementor-element-1f170a0 elementor-widget elementor-widget-heading\" data-id=\"1f170a0\" data-element_type=\"widget\" data-widget_type=\"heading.default\">\n\t\t\t\t<div class=\"elementor-widget-container\">\n\t\t\t\t\t<h3 class=\"elementor-heading-title elementor-size-default\">Coordonn\u00e9es<\/h3>\t\t\t\t<\/div>\n\t\t\t\t<\/div>\n\t\t\t\t<div class=\"elementor-element elementor-element-1055d7d elementor-widget elementor-widget-text-editor\" data-id=\"1055d7d\" data-element_type=\"widget\" data-widget_type=\"text-editor.default\">\n\t\t\t\t<div class=\"elementor-widget-container\">\n\t\t\t\t\t\t\t\t\t<p>Lat : -20.4394444, Long : 57.385<\/p>\t\t\t\t\t\t\t\t<\/div>\n\t\t\t\t<\/div>\n\t\t\t\t<div class=\"elementor-element elementor-element-53bdea2 elementor-widget elementor-widget-button\" data-id=\"53bdea2\" data-element_type=\"widget\" data-widget_type=\"button.default\">\n\t\t\t\t<div class=\"elementor-widget-container\">\n\t\t\t\t\t\t\t\t\t<div class=\"elementor-button-wrapper\">\n\t\t\t\t\t<a class=\"elementor-button elementor-button-link elementor-size-sm\" href=\"https:\/\/www.google.com\/maps\/place\/Green+Cottage+-+Chamarel\/@-20.4393705,57.3849044,15z\/data=!4m2!3m1!1s0x0:0xaf3fac68eb296a98?sa=X&#038;ved=1t:2428&#038;ictx=111\">\n\t\t\t\t\t\t<span class=\"elementor-button-content-wrapper\">\n\t\t\t\t\t\t<span class=\"elementor-button-icon\">\n\t\t\t\t<i aria-hidden=\"true\" class=\"fas fa-map-marker-alt\"><\/i>\t\t\t<\/span>\n\t\t\t\t\t\t\t\t\t<span class=\"elementor-button-text\">Voir sur Google Map<\/span>\n\t\t\t\t\t<\/span>\n\t\t\t\t\t<\/a>\n\t\t\t\t<\/div>\n\t\t\t\t\t\t\t\t<\/div>\n\t\t\t\t<\/div>\n\t\t\t\t<div class=\"elementor-element elementor-element-6e09c26 elementor-widget elementor-widget-text-editor\" data-id=\"6e09c26\" data-element_type=\"widget\" data-widget_type=\"text-editor.default\">\n\t\t\t\t<div class=\"elementor-widget-container\">\n\t\t\t\t\t\t\t\t\t<p>Direction :<\/p>\t\t\t\t\t\t\t\t<\/div>\n\t\t\t\t<\/div>\n\t\t\t\t<div class=\"elementor-element elementor-element-228346f elementor-widget elementor-widget-video\" data-id=\"228346f\" data-element_type=\"widget\" data-settings=\"{&quot;video_type&quot;:&quot;hosted&quot;,&quot;mute&quot;:&quot;yes&quot;,&quot;loop&quot;:&quot;yes&quot;,&quot;controls&quot;:&quot;yes&quot;}\" data-widget_type=\"video.default\">\n\t\t\t\t<div class=\"elementor-widget-container\">\n\t\t\t\t\t\t\t<div class=\"e-hosted-video elementor-wrapper elementor-open-inline\">\n\t\t\t\t\t<video class=\"elementor-video\" src=\"https:\/\/www.green-cottagechamarel.com\/videos\/location.mp4\" loop=\"\" controls=\"\" preload=\"metadata\" muted=\"muted\" controlsList=\"nodownload\"><\/video>\n\t\t\t\t<\/div>\n\t\t\t\t\t\t<\/div>\n\t\t\t\t<\/div>\n\t\t\t\t<div class=\"elementor-element elementor-element-06f3837 elementor-widget elementor-widget-heading\" data-id=\"06f3837\" data-element_type=\"widget\" data-widget_type=\"heading.default\">\n\t\t\t\t<div class=\"elementor-widget-container\">\n\t\t\t\t\t<h3 class=\"elementor-heading-title elementor-size-default\">Point de rep\u00e8re le plus proche<\/h3>\t\t\t\t<\/div>\n\t\t\t\t<\/div>\n\t\t\t\t<div class=\"elementor-element elementor-element-2ea303e elementor-widget elementor-widget-text-editor\" data-id=\"2ea303e\" data-element_type=\"widget\" data-widget_type=\"text-editor.default\">\n\t\t\t\t<div class=\"elementor-widget-container\">\n\t\t\t\t\t\t\t\t\t<p>De nombreuses activit\u00e9s peuvent \u00eatre pratiqu\u00e9es dans les environs<\/p>\t\t\t\t\t\t\t\t<\/div>\n\t\t\t\t<\/div>\n\t\t\t\t<div class=\"elementor-element elementor-element-68a8dfa elementor-icon-list--layout-traditional elementor-list-item-link-full_width elementor-widget elementor-widget-icon-list\" data-id=\"68a8dfa\" data-element_type=\"widget\" data-widget_type=\"icon-list.default\">\n\t\t\t\t<div class=\"elementor-widget-container\">\n\t\t\t\t\t\t\t<ul class=\"elementor-icon-list-items\">\n\t\t\t\t\t\t\t<li class=\"elementor-icon-list-item\">\n\t\t\t\t\t\t\t\t\t\t\t<span class=\"elementor-icon-list-icon\">\n\t\t\t\t\t\t\t<i aria-hidden=\"true\" class=\"fas fa-check\"><\/i>\t\t\t\t\t\t<\/span>\n\t\t\t\t\t\t\t\t\t\t<span class=\"elementor-icon-list-text\">Cascade Chamarel \/ Chamarel Falls : 0.7Km<\/span>\n\t\t\t\t\t\t\t\t\t<\/li>\n\t\t\t\t\t\t\t\t<li class=\"elementor-icon-list-item\">\n\t\t\t\t\t\t\t\t\t\t\t<span class=\"elementor-icon-list-icon\">\n\t\t\t\t\t\t\t<i aria-hidden=\"true\" class=\"fas fa-check\"><\/i>\t\t\t\t\t\t<\/span>\n\t\t\t\t\t\t\t\t\t\t<span class=\"elementor-icon-list-text\">Le Morne Beach (Sea \/ Ocean) : 9.5 Km<\/span>\n\t\t\t\t\t\t\t\t\t<\/li>\n\t\t\t\t\t\t\t\t<li class=\"elementor-icon-list-item\">\n\t\t\t\t\t\t\t\t\t\t\t<span class=\"elementor-icon-list-icon\">\n\t\t\t\t\t\t\t<i aria-hidden=\"true\" class=\"fas fa-check\"><\/i>\t\t\t\t\t\t<\/span>\n\t\t\t\t\t\t\t\t\t\t<span class=\"elementor-icon-list-text\">Rhumerie de Chamarel : 2.8 Km<\/span>\n\t\t\t\t\t\t\t\t\t<\/li>\n\t\t\t\t\t\t\t\t<li class=\"elementor-icon-list-item\">\n\t\t\t\t\t\t\t\t\t\t\t<span class=\"elementor-icon-list-icon\">\n\t\t\t\t\t\t\t<i aria-hidden=\"true\" class=\"fas fa-check\"><\/i>\t\t\t\t\t\t<\/span>\n\t\t\t\t\t\t\t\t\t\t<span class=\"elementor-icon-list-text\">Avalon Golf Club : 10 Km<\/span>\n\t\t\t\t\t\t\t\t\t<\/li>\n\t\t\t\t\t\t\t\t<li class=\"elementor-icon-list-item\">\n\t\t\t\t\t\t\t\t\t\t\t<span class=\"elementor-icon-list-icon\">\n\t\t\t\t\t\t\t<i aria-hidden=\"true\" class=\"fas fa-check\"><\/i>\t\t\t\t\t\t<\/span>\n\t\t\t\t\t\t\t\t\t\t<span class=\"elementor-icon-list-text\">Ebony Forest : 2 Km<\/span>\n\t\t\t\t\t\t\t\t\t<\/li>\n\t\t\t\t\t\t\t\t<li class=\"elementor-icon-list-item\">\n\t\t\t\t\t\t\t\t\t\t\t<span class=\"elementor-icon-list-icon\">\n\t\t\t\t\t\t\t<i aria-hidden=\"true\" class=\"fas fa-check\"><\/i>\t\t\t\t\t\t<\/span>\n\t\t\t\t\t\t\t\t\t\t<span class=\"elementor-icon-list-text\">Alexandra Falls : 6 Km<\/span>\n\t\t\t\t\t\t\t\t\t<\/li>\n\t\t\t\t\t\t\t\t<li class=\"elementor-icon-list-item\">\n\t\t\t\t\t\t\t\t\t\t\t<span class=\"elementor-icon-list-icon\">\n\t\t\t\t\t\t\t<i aria-hidden=\"true\" class=\"fas fa-check\"><\/i>\t\t\t\t\t\t<\/span>\n\t\t\t\t\t\t\t\t\t\t<span class=\"elementor-icon-list-text\">Ganga Talao Lake : 9 Km<\/span>\n\t\t\t\t\t\t\t\t\t<\/li>\n\t\t\t\t\t\t\t\t<li class=\"elementor-icon-list-item\">\n\t\t\t\t\t\t\t\t\t\t\t<span class=\"elementor-icon-list-icon\">\n\t\t\t\t\t\t\t<i aria-hidden=\"true\" class=\"fas fa-check\"><\/i>\t\t\t\t\t\t<\/span>\n\t\t\t\t\t\t\t\t\t\t<span class=\"elementor-icon-list-text\">Maccabee Forest Hiking Trail : 5 Km<\/span>\n\t\t\t\t\t\t\t\t\t<\/li>\n\t\t\t\t\t\t\t\t<li class=\"elementor-icon-list-item\">\n\t\t\t\t\t\t\t\t\t\t\t<span class=\"elementor-icon-list-icon\">\n\t\t\t\t\t\t\t<i aria-hidden=\"true\" class=\"fas fa-check\"><\/i>\t\t\t\t\t\t<\/span>\n\t\t\t\t\t\t\t\t\t\t<span class=\"elementor-icon-list-text\">Village Walk Supermarket La Gaulette : 8.5 Km<\/span>\n\t\t\t\t\t\t\t\t\t<\/li>\n\t\t\t\t\t\t\t\t<li class=\"elementor-icon-list-item\">\n\t\t\t\t\t\t\t\t\t\t\t<span class=\"elementor-icon-list-icon\">\n\t\t\t\t\t\t\t<i aria-hidden=\"true\" class=\"fas fa-check\"><\/i>\t\t\t\t\t\t<\/span>\n\t\t\t\t\t\t\t\t\t\t<span class=\"elementor-icon-list-text\">Cascavelle Shopping Mall : 48 Km<\/span>\n\t\t\t\t\t\t\t\t\t<\/li>\n\t\t\t\t\t\t\t\t<li class=\"elementor-icon-list-item\">\n\t\t\t\t\t\t\t\t\t\t\t<span class=\"elementor-icon-list-icon\">\n\t\t\t\t\t\t\t<i aria-hidden=\"true\" class=\"fas fa-check\"><\/i>\t\t\t\t\t\t<\/span>\n\t\t\t\t\t\t\t\t\t\t<span class=\"elementor-icon-list-text\">Sir Seewoosagur Ramgoolam Airport : 32 Km<\/span>\n\t\t\t\t\t\t\t\t\t<\/li>\n\t\t\t\t\t\t<\/ul>\n\t\t\t\t\t\t<\/div>\n\t\t\t\t<\/div>\n\t\t\t\t\t<\/div>\n\t\t<\/div>\n\t\t\t\t\t<\/div>\n\t\t<\/section>\n\t\t\t\t<section class=\"elementor-section elementor-top-section elementor-element elementor-element-6cd1dd67 elementor-section-full_width elementor-section-height-default elementor-section-height-default\" data-id=\"6cd1dd67\" data-element_type=\"section\">\n\t\t\t\t\t\t<div class=\"elementor-container elementor-column-gap-no\">\n\t\t\t\t\t<div class=\"elementor-column elementor-col-100 elementor-top-column elementor-element elementor-element-784f43f\" data-id=\"784f43f\" data-element_type=\"column\">\n\t\t\t<div class=\"elementor-widget-wrap elementor-element-populated\">\n\t\t\t\t\t\t<div class=\"elementor-element elementor-element-4d90c37d elementor-widget elementor-widget-shortcode\" data-id=\"4d90c37d\" data-element_type=\"widget\" data-widget_type=\"shortcode.default\">\n\t\t\t\t<div class=\"elementor-widget-container\">\n\t\t\t\t\t\t\t<div class=\"elementor-shortcode\"><div id=\"wpgmza_map\" class=\"wpgmza_map\" data-settings='{\"id\":\"1\",\"map_title\":\"My first map\",\"map_width\":\"100\",\"map_height\":\"450\",\"map_start_lat\":\"-20.438682\",\"map_start_lng\":\"57.385159\",\"map_start_location\":\"-20.438681627310316,57.38515860219688\",\"map_start_zoom\":\"13\",\"default_marker\":\"0\",\"type\":\"1\",\"alignment\":\"1\",\"directions_enabled\":\"1\",\"styling_enabled\":\"0\",\"styling_json\":\"\",\"active\":\"0\",\"kml\":\"\",\"bicycle\":\"0\",\"traffic\":\"0\",\"dbox\":\"1\",\"dbox_width\":\"100\",\"listmarkers\":\"0\",\"listmarkers_advanced\":\"0\",\"filterbycat\":\"0\",\"ugm_enabled\":\"0\",\"ugm_category_enabled\":\"0\",\"fusion\":\"\",\"map_width_type\":\"\\\\%\",\"map_height_type\":\"px\",\"mass_marker_support\":\"1\",\"ugm_access\":\"0\",\"order_markers_by\":\"1\",\"order_markers_choice\":\"2\",\"show_user_location\":\"0\",\"default_to\":\"\",\"other_settings\":{\"store_locator_enabled\":2,\"store_locator_distance\":2,\"store_locator_default_radius\":\"10\",\"store_locator_not_found_message\":\"No results found in this location. Please try again.\",\"store_locator_bounce\":1,\"store_locator_query_string\":\"ZIP \\\/ Address:\",\"store_locator_default_address\":\"\",\"wpgmza_store_locator_restrict\":\"\",\"store_locator_style\":\"modern\",\"wpgmza_store_locator_radius_style\":\"modern\",\"map_max_zoom\":\"1\",\"transport_layer\":0,\"wpgmza_show_points_of_interest\":0}}' data-map-id='1' Data-maps-engine='open-layers' data-shortcode-attributes='{\"id\":\"1\"}' style=\"display:block; overflow:auto; width:100%; height:450px; float:left;\"><\/div><\/div>\n\t\t\t\t\t\t<\/div>\n\t\t\t\t<\/div>\n\t\t\t\t\t<\/div>\n\t\t<\/div>\n\t\t\t\t\t<\/div>\n\t\t<\/section>\n\t\t\t\t<\/div>\n\t\t","protected":false},"excerpt":{"rendered":"<p>Localisez-nous Coordonn\u00e9es Lat : -20.4394444, Long : 57.385 Voir sur Google Map Direction : https:\/\/www.green-cottagechamarel.com\/videos\/location.mp4 Point de rep\u00e8re le plus proche De nombreuses activit\u00e9s peuvent \u00eatre pratiqu\u00e9es dans les environs Cascade Chamarel \/ Chamarel Falls : 0.7Km Le Morne Beach (Sea \/ Ocean) : 9.5 Km Rhumerie de Chamarel : 2.8 Km Avalon Golf Club &#8230;<\/p>\n","protected":false},"author":1,"featured_media":1896,"parent":0,"menu_order":0,"comment_status":"closed","ping_status":"closed","template":"elementor_header_footer","meta":{"_acf_changed":false,"_monsterinsights_skip_tracking":false,"_monsterinsights_sitenote_active":false,"_monsterinsights_sitenote_note":"","_monsterinsights_sitenote_category":0,"cozystay_single_page_hide_site_header":"","cozystay_single_page_site_header_source":"","cozystay_single_page_custom_site_header":"","cozystay_single_page_custom_sticky_site_header":"","cozystay_single_page_hide_page_title":"","cozystay_single_page_header_section_size":"","cozystay_single_page_header_background_color":"","cozystay_single_page_header_background_position_x":"center","cozystay_single_page_header_background_position_y":"center","cozystay_single_page_header_background_size":"cover","cozystay_single_page_header_background_repeat":"off","cozystay_single_page_header_background_scroll":"on","cozystay_single_page_header_text_color":"","cozystay_single_page_header_show_breadcrumb":"","cozystay_single_page_site_footer_hide_main":"","cozystay_single_custom_site_footer_main_source":"","cozystay_single_custom_site_footer_main":"","cozystay_single_page_site_footer_hide_above":"","cozystay_single_custom_site_footer_above_source":"","cozystay_single_custom_site_footer_above":"","cozystay_single_page_site_footer_hide_instagram":"","cozystay_single_page_site_footer_hide_bottom":"","cozystay_single_custom_mobile_menu_source":"","cozystay_single_custom_mobile_menu":"","cozystay_single_custom_mobile_menu_animation":"","cozystay_single_custom_mobile_menu_width":"","cozystay_single_custom_mobile_menu_custom_width":375,"footnotes":""},"class_list":["post-263","page","type-page","status-publish","has-post-thumbnail","hentry"],"acf":[],"yoast_head":"<!-- This site is optimized with the Yoast SEO plugin v25.9 - https:\/\/yoast.com\/wordpress\/plugins\/seo\/ -->\n<title>Locate Us - Green Cottage - Chamarel Mauritius<\/title>\n<meta name=\"description\" content=\"Our location : Seven Coloured Earth Road Chamarel, Mauritius.\" \/>\n<meta name=\"robots\" content=\"index, follow, max-snippet:-1, max-image-preview:large, max-video-preview:-1\" \/>\n<link rel=\"canonical\" href=\"https:\/\/www.green-cottagechamarel.com\/fr\/nous-localiser\/\" \/>\n<meta property=\"og:locale\" content=\"fr_FR\" \/>\n<meta property=\"og:type\" content=\"article\" \/>\n<meta property=\"og:title\" content=\"Locate Us - Green Cottage - Chamarel Mauritius\" \/>\n<meta property=\"og:description\" content=\"Our location : Seven Coloured Earth Road Chamarel, Mauritius.\" \/>\n<meta property=\"og:url\" content=\"https:\/\/www.green-cottagechamarel.com\/fr\/nous-localiser\/\" \/>\n<meta property=\"og:site_name\" content=\"Green Cottage - Chamarel\" \/>\n<meta property=\"article:publisher\" content=\"https:\/\/www.facebook.com\/greencottagechamarel\/\" \/>\n<meta property=\"article:modified_time\" content=\"2025-07-29T07:18:22+00:00\" \/>\n<meta property=\"og:image\" content=\"https:\/\/www.green-cottagechamarel.com\/wp-content\/uploads\/2023\/04\/Green-Cottage-March-2023-31-of-124.jpg\" \/>\n\t<meta property=\"og:image:width\" content=\"562\" \/>\n\t<meta property=\"og:image:height\" content=\"1000\" \/>\n\t<meta property=\"og:image:type\" content=\"image\/jpeg\" \/>\n<meta name=\"twitter:card\" content=\"summary_large_image\" \/>\n<meta name=\"twitter:label1\" content=\"Dur\u00e9e de lecture estim\u00e9e\" \/>\n\t<meta name=\"twitter:data1\" content=\"1 minute\" \/>\n<script type=\"application\/ld+json\" class=\"yoast-schema-graph\">{\"@context\":\"https:\/\/schema.org\",\"@graph\":[{\"@type\":\"WebPage\",\"@id\":\"https:\/\/www.green-cottagechamarel.com\/fr\/nous-localiser\/\",\"url\":\"https:\/\/www.green-cottagechamarel.com\/fr\/nous-localiser\/\",\"name\":\"Locate Us - Green Cottage - Chamarel Mauritius\",\"isPartOf\":{\"@id\":\"https:\/\/www.green-cottagechamarel.com\/#website\"},\"primaryImageOfPage\":{\"@id\":\"https:\/\/www.green-cottagechamarel.com\/fr\/nous-localiser\/#primaryimage\"},\"image\":{\"@id\":\"https:\/\/www.green-cottagechamarel.com\/fr\/nous-localiser\/#primaryimage\"},\"thumbnailUrl\":\"https:\/\/www.green-cottagechamarel.com\/wp-content\/uploads\/2023\/04\/Green-Cottage-March-2023-31-of-124.jpg\",\"datePublished\":\"2018-11-11T17:13:23+00:00\",\"dateModified\":\"2025-07-29T07:18:22+00:00\",\"description\":\"Our location : Seven Coloured Earth Road Chamarel, Mauritius.\",\"breadcrumb\":{\"@id\":\"https:\/\/www.green-cottagechamarel.com\/fr\/nous-localiser\/#breadcrumb\"},\"inLanguage\":\"fr-FR\",\"potentialAction\":[{\"@type\":\"ReadAction\",\"target\":[\"https:\/\/www.green-cottagechamarel.com\/fr\/nous-localiser\/\"]}]},{\"@type\":\"ImageObject\",\"inLanguage\":\"fr-FR\",\"@id\":\"https:\/\/www.green-cottagechamarel.com\/fr\/nous-localiser\/#primaryimage\",\"url\":\"https:\/\/www.green-cottagechamarel.com\/wp-content\/uploads\/2023\/04\/Green-Cottage-March-2023-31-of-124.jpg\",\"contentUrl\":\"https:\/\/www.green-cottagechamarel.com\/wp-content\/uploads\/2023\/04\/Green-Cottage-March-2023-31-of-124.jpg\",\"width\":562,\"height\":1000},{\"@type\":\"BreadcrumbList\",\"@id\":\"https:\/\/www.green-cottagechamarel.com\/fr\/nous-localiser\/#breadcrumb\",\"itemListElement\":[{\"@type\":\"ListItem\",\"position\":1,\"name\":\"Home\",\"item\":\"https:\/\/www.green-cottagechamarel.com\/fr\/\"},{\"@type\":\"ListItem\",\"position\":2,\"name\":\"Nous localiser\"}]},{\"@type\":\"WebSite\",\"@id\":\"https:\/\/www.green-cottagechamarel.com\/#website\",\"url\":\"https:\/\/www.green-cottagechamarel.com\/\",\"name\":\"Green Cottage - Chamarel\",\"description\":\"Villa in Mauritius\",\"publisher\":{\"@id\":\"https:\/\/www.green-cottagechamarel.com\/#organization\"},\"potentialAction\":[{\"@type\":\"SearchAction\",\"target\":{\"@type\":\"EntryPoint\",\"urlTemplate\":\"https:\/\/www.green-cottagechamarel.com\/?s={search_term_string}\"},\"query-input\":{\"@type\":\"PropertyValueSpecification\",\"valueRequired\":true,\"valueName\":\"search_term_string\"}}],\"inLanguage\":\"fr-FR\"},{\"@type\":\"Organization\",\"@id\":\"https:\/\/www.green-cottagechamarel.com\/#organization\",\"name\":\"Green Cottage - Chamarel\",\"url\":\"https:\/\/www.green-cottagechamarel.com\/\",\"logo\":{\"@type\":\"ImageObject\",\"inLanguage\":\"fr-FR\",\"@id\":\"https:\/\/www.green-cottagechamarel.com\/#\/schema\/logo\/image\/\",\"url\":\"https:\/\/www.green-cottagechamarel.com\/wp-content\/uploads\/2018\/11\/logo-white-big.jpg\",\"contentUrl\":\"https:\/\/www.green-cottagechamarel.com\/wp-content\/uploads\/2018\/11\/logo-white-big.jpg\",\"width\":227,\"height\":130,\"caption\":\"Green Cottage - Chamarel\"},\"image\":{\"@id\":\"https:\/\/www.green-cottagechamarel.com\/#\/schema\/logo\/image\/\"},\"sameAs\":[\"https:\/\/www.facebook.com\/greencottagechamarel\/\"]}]}<\/script>\n<!-- \/ Yoast SEO plugin. -->","yoast_head_json":{"title":"Locate Us - Green Cottage - Chamarel Mauritius","description":"Our location : Seven Coloured Earth Road Chamarel, Mauritius.","robots":{"index":"index","follow":"follow","max-snippet":"max-snippet:-1","max-image-preview":"max-image-preview:large","max-video-preview":"max-video-preview:-1"},"canonical":"https:\/\/www.green-cottagechamarel.com\/fr\/nous-localiser\/","og_locale":"fr_FR","og_type":"article","og_title":"Locate Us - Green Cottage - Chamarel Mauritius","og_description":"Our location : Seven Coloured Earth Road Chamarel, Mauritius.","og_url":"https:\/\/www.green-cottagechamarel.com\/fr\/nous-localiser\/","og_site_name":"Green Cottage - Chamarel","article_publisher":"https:\/\/www.facebook.com\/greencottagechamarel\/","article_modified_time":"2025-07-29T07:18:22+00:00","og_image":[{"width":562,"height":1000,"url":"https:\/\/www.green-cottagechamarel.com\/wp-content\/uploads\/2023\/04\/Green-Cottage-March-2023-31-of-124.jpg","type":"image\/jpeg"}],"twitter_card":"summary_large_image","twitter_misc":{"Dur\u00e9e de lecture estim\u00e9e":"1 minute"},"schema":{"@context":"https:\/\/schema.org","@graph":[{"@type":"WebPage","@id":"https:\/\/www.green-cottagechamarel.com\/fr\/nous-localiser\/","url":"https:\/\/www.green-cottagechamarel.com\/fr\/nous-localiser\/","name":"Locate Us - Green Cottage - Chamarel Mauritius","isPartOf":{"@id":"https:\/\/www.green-cottagechamarel.com\/#website"},"primaryImageOfPage":{"@id":"https:\/\/www.green-cottagechamarel.com\/fr\/nous-localiser\/#primaryimage"},"image":{"@id":"https:\/\/www.green-cottagechamarel.com\/fr\/nous-localiser\/#primaryimage"},"thumbnailUrl":"https:\/\/www.green-cottagechamarel.com\/wp-content\/uploads\/2023\/04\/Green-Cottage-March-2023-31-of-124.jpg","datePublished":"2018-11-11T17:13:23+00:00","dateModified":"2025-07-29T07:18:22+00:00","description":"Our location : Seven Coloured Earth Road Chamarel, Mauritius.","breadcrumb":{"@id":"https:\/\/www.green-cottagechamarel.com\/fr\/nous-localiser\/#breadcrumb"},"inLanguage":"fr-FR","potentialAction":[{"@type":"ReadAction","target":["https:\/\/www.green-cottagechamarel.com\/fr\/nous-localiser\/"]}]},{"@type":"ImageObject","inLanguage":"fr-FR","@id":"https:\/\/www.green-cottagechamarel.com\/fr\/nous-localiser\/#primaryimage","url":"https:\/\/www.green-cottagechamarel.com\/wp-content\/uploads\/2023\/04\/Green-Cottage-March-2023-31-of-124.jpg","contentUrl":"https:\/\/www.green-cottagechamarel.com\/wp-content\/uploads\/2023\/04\/Green-Cottage-March-2023-31-of-124.jpg","width":562,"height":1000},{"@type":"BreadcrumbList","@id":"https:\/\/www.green-cottagechamarel.com\/fr\/nous-localiser\/#breadcrumb","itemListElement":[{"@type":"ListItem","position":1,"name":"Home","item":"https:\/\/www.green-cottagechamarel.com\/fr\/"},{"@type":"ListItem","position":2,"name":"Nous localiser"}]},{"@type":"WebSite","@id":"https:\/\/www.green-cottagechamarel.com\/#website","url":"https:\/\/www.green-cottagechamarel.com\/","name":"Green Cottage - Chamarel","description":"Villa in Mauritius","publisher":{"@id":"https:\/\/www.green-cottagechamarel.com\/#organization"},"potentialAction":[{"@type":"SearchAction","target":{"@type":"EntryPoint","urlTemplate":"https:\/\/www.green-cottagechamarel.com\/?s={search_term_string}"},"query-input":{"@type":"PropertyValueSpecification","valueRequired":true,"valueName":"search_term_string"}}],"inLanguage":"fr-FR"},{"@type":"Organization","@id":"https:\/\/www.green-cottagechamarel.com\/#organization","name":"Green Cottage - Chamarel","url":"https:\/\/www.green-cottagechamarel.com\/","logo":{"@type":"ImageObject","inLanguage":"fr-FR","@id":"https:\/\/www.green-cottagechamarel.com\/#\/schema\/logo\/image\/","url":"https:\/\/www.green-cottagechamarel.com\/wp-content\/uploads\/2018\/11\/logo-white-big.jpg","contentUrl":"https:\/\/www.green-cottagechamarel.com\/wp-content\/uploads\/2018\/11\/logo-white-big.jpg","width":227,"height":130,"caption":"Green Cottage - Chamarel"},"image":{"@id":"https:\/\/www.green-cottagechamarel.com\/#\/schema\/logo\/image\/"},"sameAs":["https:\/\/www.facebook.com\/greencottagechamarel\/"]}]}},"_links":{"self":[{"href":"https:\/\/www.green-cottagechamarel.com\/fr\/wp-json\/wp\/v2\/pages\/263","targetHints":{"allow":["GET"]}}],"collection":[{"href":"https:\/\/www.green-cottagechamarel.com\/fr\/wp-json\/wp\/v2\/pages"}],"about":[{"href":"https:\/\/www.green-cottagechamarel.com\/fr\/wp-json\/wp\/v2\/types\/page"}],"author":[{"embeddable":true,"href":"https:\/\/www.green-cottagechamarel.com\/fr\/wp-json\/wp\/v2\/users\/1"}],"replies":[{"embeddable":true,"href":"https:\/\/www.green-cottagechamarel.com\/fr\/wp-json\/wp\/v2\/comments?post=263"}],"version-history":[{"count":21,"href":"https:\/\/www.green-cottagechamarel.com\/fr\/wp-json\/wp\/v2\/pages\/263\/revisions"}],"predecessor-version":[{"id":4130,"href":"https:\/\/www.green-cottagechamarel.com\/fr\/wp-json\/wp\/v2\/pages\/263\/revisions\/4130"}],"wp:featuredmedia":[{"embeddable":true,"href":"https:\/\/www.green-cottagechamarel.com\/fr\/wp-json\/wp\/v2\/media\/1896"}],"wp:attachment":[{"href":"https:\/\/www.green-cottagechamarel.com\/fr\/wp-json\/wp\/v2\/media?parent=263"}],"curies":[{"name":"wp","href":"https:\/\/api.w.org\/{rel}","templated":true}]}}