{"id":267,"date":"2018-11-22T09:02:08","date_gmt":"2018-11-22T05:02:08","guid":{"rendered":"https:\/\/www.green-cottagechamarel.com\/plant-a-tree\/"},"modified":"2021-11-29T12:07:30","modified_gmt":"2021-11-29T08:07:30","slug":"planter-un-arbre","status":"publish","type":"page","link":"https:\/\/www.green-cottagechamarel.com\/fr\/planter-un-arbre\/","title":{"rendered":"Sauver l&rsquo;environnement et planter un arbre"},"content":{"rendered":"<p style=\"text-align: center;\">Nous vous proposons de planter un arbre lors d&rsquo;un deuxi\u00e8me s\u00e9jour chez nous, cet arbre tropical au bois si noble.<br \/>\nSi vous le souhaitez, votre nom peut \u00eatre inscrit \u00e0 c\u00f4t\u00e9 de l\u2019arbre, ainsi vous laisserez une empreinte de votre passage en ce lieu.<\/p>\n<p><img fetchpriority=\"high\" decoding=\"async\" width=\"700\" height=\"466\" class=\"alignnone size-large wp-image-157 aligncenter\" src=\"https:\/\/www.green-cottagechamarel.com\/wp-content\/uploads\/2018\/11\/Tree-Planter-700x466.jpg\" alt=\"\" srcset=\"https:\/\/www.green-cottagechamarel.com\/wp-content\/uploads\/2018\/11\/Tree-Planter-700x466.jpg 700w, https:\/\/www.green-cottagechamarel.com\/wp-content\/uploads\/2018\/11\/Tree-Planter-150x100.jpg 150w, https:\/\/www.green-cottagechamarel.com\/wp-content\/uploads\/2018\/11\/Tree-Planter-600x399.jpg 600w, https:\/\/www.green-cottagechamarel.com\/wp-content\/uploads\/2018\/11\/Tree-Planter-250x166.jpg 250w, https:\/\/www.green-cottagechamarel.com\/wp-content\/uploads\/2018\/11\/Tree-Planter-768x511.jpg 768w, https:\/\/www.green-cottagechamarel.com\/wp-content\/uploads\/2018\/11\/Tree-Planter-120x80.jpg 120w, https:\/\/www.green-cottagechamarel.com\/wp-content\/uploads\/2018\/11\/Tree-Planter-400x266.jpg 400w, https:\/\/www.green-cottagechamarel.com\/wp-content\/uploads\/2018\/11\/Tree-Planter-800x533.jpg 800w, https:\/\/www.green-cottagechamarel.com\/wp-content\/uploads\/2018\/11\/Tree-Planter.jpg 849w\" sizes=\"(max-width: 700px) 100vw, 700px\" \/><\/p>\n","protected":false},"excerpt":{"rendered":"<p>Nous vous proposons de planter un arbre lors d&rsquo;un deuxi\u00e8me s\u00e9jour chez nous, cet arbre tropical au bois si noble. Si vous le souhaitez, votre nom peut \u00eatre inscrit \u00e0 c\u00f4t\u00e9 de l\u2019arbre, ainsi vous laisserez une empreinte de votre passage en ce lieu.<\/p>\n","protected":false},"author":1,"featured_media":0,"parent":0,"menu_order":0,"comment_status":"closed","ping_status":"closed","template":"","meta":{"_acf_changed":false,"_monsterinsights_skip_tracking":false,"_monsterinsights_sitenote_active":false,"_monsterinsights_sitenote_note":"","_monsterinsights_sitenote_category":0,"cozystay_single_page_hide_site_header":"","cozystay_single_page_site_header_source":"","cozystay_single_page_custom_site_header":"0","cozystay_single_page_custom_sticky_site_header":"0","cozystay_single_page_hide_page_title":"","cozystay_single_page_header_section_size":"","cozystay_single_page_header_background_color":"","cozystay_single_page_header_background_position_x":"center","cozystay_single_page_header_background_position_y":"center","cozystay_single_page_header_background_size":"cover","cozystay_single_page_header_background_repeat":"off","cozystay_single_page_header_background_scroll":"on","cozystay_single_page_header_text_color":"","cozystay_single_page_header_show_breadcrumb":"","cozystay_single_page_site_footer_hide_main":"","cozystay_single_custom_site_footer_main_source":"","cozystay_single_custom_site_footer_main":"0","cozystay_single_page_site_footer_hide_above":"","cozystay_single_custom_site_footer_above_source":"","cozystay_single_custom_site_footer_above":"0","cozystay_single_page_site_footer_hide_instagram":"","cozystay_single_page_site_footer_hide_bottom":"","cozystay_single_custom_mobile_menu_source":"","cozystay_single_custom_mobile_menu":"0","cozystay_single_custom_mobile_menu_animation":"","cozystay_single_custom_mobile_menu_width":"","cozystay_single_custom_mobile_menu_custom_width":375,"footnotes":""},"class_list":["post-267","page","type-page","status-publish","hentry"],"acf":[],"yoast_head":"<!-- This site is optimized with the Yoast SEO plugin v25.9 - https:\/\/yoast.com\/wordpress\/plugins\/seo\/ -->\n<title>Sauver l&#039;environnement et planter un arbre - Green Cottage - Chamarel<\/title>\n<meta name=\"description\" content=\"Nous vous proposons de planter un arbre lors d\u2019un deuxi\u00e8me s\u00e9jour chez nous, cet arbre tropical au bois si noble.\" \/>\n<meta name=\"robots\" content=\"index, follow, max-snippet:-1, max-image-preview:large, max-video-preview:-1\" \/>\n<link rel=\"canonical\" href=\"https:\/\/www.green-cottagechamarel.com\/fr\/planter-un-arbre\/\" \/>\n<meta property=\"og:locale\" content=\"fr_FR\" \/>\n<meta property=\"og:type\" content=\"article\" \/>\n<meta property=\"og:title\" content=\"Sauver l&#039;environnement et planter un arbre - Green Cottage - Chamarel\" \/>\n<meta property=\"og:description\" content=\"Nous vous proposons de planter un arbre lors d\u2019un deuxi\u00e8me s\u00e9jour chez nous, cet arbre tropical au bois si noble.\" \/>\n<meta property=\"og:url\" content=\"https:\/\/www.green-cottagechamarel.com\/fr\/planter-un-arbre\/\" \/>\n<meta property=\"og:site_name\" content=\"Green Cottage - Chamarel\" \/>\n<meta property=\"article:publisher\" content=\"https:\/\/www.facebook.com\/greencottagechamarel\/\" \/>\n<meta property=\"article:modified_time\" content=\"2021-11-29T08:07:30+00:00\" \/>\n<meta property=\"og:image\" content=\"https:\/\/www.green-cottagechamarel.com\/wp-content\/uploads\/2018\/11\/Tree-Planter-700x466.jpg\" \/>\n<meta name=\"twitter:card\" content=\"summary_large_image\" \/>\n<script type=\"application\/ld+json\" class=\"yoast-schema-graph\">{\"@context\":\"https:\/\/schema.org\",\"@graph\":[{\"@type\":\"WebPage\",\"@id\":\"https:\/\/www.green-cottagechamarel.com\/fr\/planter-un-arbre\/\",\"url\":\"https:\/\/www.green-cottagechamarel.com\/fr\/planter-un-arbre\/\",\"name\":\"Sauver l'environnement et planter un arbre - Green Cottage - Chamarel\",\"isPartOf\":{\"@id\":\"https:\/\/www.green-cottagechamarel.com\/#website\"},\"primaryImageOfPage\":{\"@id\":\"https:\/\/www.green-cottagechamarel.com\/fr\/planter-un-arbre\/#primaryimage\"},\"image\":{\"@id\":\"https:\/\/www.green-cottagechamarel.com\/fr\/planter-un-arbre\/#primaryimage\"},\"thumbnailUrl\":\"https:\/\/www.green-cottagechamarel.com\/wp-content\/uploads\/2018\/11\/Tree-Planter-700x466.jpg\",\"datePublished\":\"2018-11-22T05:02:08+00:00\",\"dateModified\":\"2021-11-29T08:07:30+00:00\",\"description\":\"Nous vous proposons de planter un arbre lors d\u2019un deuxi\u00e8me s\u00e9jour chez nous, cet arbre tropical au bois si noble.\",\"breadcrumb\":{\"@id\":\"https:\/\/www.green-cottagechamarel.com\/fr\/planter-un-arbre\/#breadcrumb\"},\"inLanguage\":\"fr-FR\",\"potentialAction\":[{\"@type\":\"ReadAction\",\"target\":[\"https:\/\/www.green-cottagechamarel.com\/fr\/planter-un-arbre\/\"]}]},{\"@type\":\"ImageObject\",\"inLanguage\":\"fr-FR\",\"@id\":\"https:\/\/www.green-cottagechamarel.com\/fr\/planter-un-arbre\/#primaryimage\",\"url\":\"https:\/\/www.green-cottagechamarel.com\/wp-content\/uploads\/2018\/11\/Tree-Planter-700x466.jpg\",\"contentUrl\":\"https:\/\/www.green-cottagechamarel.com\/wp-content\/uploads\/2018\/11\/Tree-Planter-700x466.jpg\"},{\"@type\":\"BreadcrumbList\",\"@id\":\"https:\/\/www.green-cottagechamarel.com\/fr\/planter-un-arbre\/#breadcrumb\",\"itemListElement\":[{\"@type\":\"ListItem\",\"position\":1,\"name\":\"Home\",\"item\":\"https:\/\/www.green-cottagechamarel.com\/fr\/\"},{\"@type\":\"ListItem\",\"position\":2,\"name\":\"Sauver l&rsquo;environnement et planter un arbre\"}]},{\"@type\":\"WebSite\",\"@id\":\"https:\/\/www.green-cottagechamarel.com\/#website\",\"url\":\"https:\/\/www.green-cottagechamarel.com\/\",\"name\":\"Green Cottage - Chamarel\",\"description\":\"Villa in Mauritius\",\"publisher\":{\"@id\":\"https:\/\/www.green-cottagechamarel.com\/#organization\"},\"potentialAction\":[{\"@type\":\"SearchAction\",\"target\":{\"@type\":\"EntryPoint\",\"urlTemplate\":\"https:\/\/www.green-cottagechamarel.com\/?s={search_term_string}\"},\"query-input\":{\"@type\":\"PropertyValueSpecification\",\"valueRequired\":true,\"valueName\":\"search_term_string\"}}],\"inLanguage\":\"fr-FR\"},{\"@type\":\"Organization\",\"@id\":\"https:\/\/www.green-cottagechamarel.com\/#organization\",\"name\":\"Green Cottage - Chamarel\",\"url\":\"https:\/\/www.green-cottagechamarel.com\/\",\"logo\":{\"@type\":\"ImageObject\",\"inLanguage\":\"fr-FR\",\"@id\":\"https:\/\/www.green-cottagechamarel.com\/#\/schema\/logo\/image\/\",\"url\":\"https:\/\/www.green-cottagechamarel.com\/wp-content\/uploads\/2018\/11\/logo-white-big.jpg\",\"contentUrl\":\"https:\/\/www.green-cottagechamarel.com\/wp-content\/uploads\/2018\/11\/logo-white-big.jpg\",\"width\":227,\"height\":130,\"caption\":\"Green Cottage - Chamarel\"},\"image\":{\"@id\":\"https:\/\/www.green-cottagechamarel.com\/#\/schema\/logo\/image\/\"},\"sameAs\":[\"https:\/\/www.facebook.com\/greencottagechamarel\/\"]}]}<\/script>\n<!-- \/ Yoast SEO plugin. -->","yoast_head_json":{"title":"Sauver l'environnement et planter un arbre - Green Cottage - Chamarel","description":"Nous vous proposons de planter un arbre lors d\u2019un deuxi\u00e8me s\u00e9jour chez nous, cet arbre tropical au bois si noble.","robots":{"index":"index","follow":"follow","max-snippet":"max-snippet:-1","max-image-preview":"max-image-preview:large","max-video-preview":"max-video-preview:-1"},"canonical":"https:\/\/www.green-cottagechamarel.com\/fr\/planter-un-arbre\/","og_locale":"fr_FR","og_type":"article","og_title":"Sauver l'environnement et planter un arbre - Green Cottage - Chamarel","og_description":"Nous vous proposons de planter un arbre lors d\u2019un deuxi\u00e8me s\u00e9jour chez nous, cet arbre tropical au bois si noble.","og_url":"https:\/\/www.green-cottagechamarel.com\/fr\/planter-un-arbre\/","og_site_name":"Green Cottage - Chamarel","article_publisher":"https:\/\/www.facebook.com\/greencottagechamarel\/","article_modified_time":"2021-11-29T08:07:30+00:00","og_image":[{"url":"https:\/\/www.green-cottagechamarel.com\/wp-content\/uploads\/2018\/11\/Tree-Planter-700x466.jpg","type":"","width":"","height":""}],"twitter_card":"summary_large_image","schema":{"@context":"https:\/\/schema.org","@graph":[{"@type":"WebPage","@id":"https:\/\/www.green-cottagechamarel.com\/fr\/planter-un-arbre\/","url":"https:\/\/www.green-cottagechamarel.com\/fr\/planter-un-arbre\/","name":"Sauver l'environnement et planter un arbre - Green Cottage - Chamarel","isPartOf":{"@id":"https:\/\/www.green-cottagechamarel.com\/#website"},"primaryImageOfPage":{"@id":"https:\/\/www.green-cottagechamarel.com\/fr\/planter-un-arbre\/#primaryimage"},"image":{"@id":"https:\/\/www.green-cottagechamarel.com\/fr\/planter-un-arbre\/#primaryimage"},"thumbnailUrl":"https:\/\/www.green-cottagechamarel.com\/wp-content\/uploads\/2018\/11\/Tree-Planter-700x466.jpg","datePublished":"2018-11-22T05:02:08+00:00","dateModified":"2021-11-29T08:07:30+00:00","description":"Nous vous proposons de planter un arbre lors d\u2019un deuxi\u00e8me s\u00e9jour chez nous, cet arbre tropical au bois si noble.","breadcrumb":{"@id":"https:\/\/www.green-cottagechamarel.com\/fr\/planter-un-arbre\/#breadcrumb"},"inLanguage":"fr-FR","potentialAction":[{"@type":"ReadAction","target":["https:\/\/www.green-cottagechamarel.com\/fr\/planter-un-arbre\/"]}]},{"@type":"ImageObject","inLanguage":"fr-FR","@id":"https:\/\/www.green-cottagechamarel.com\/fr\/planter-un-arbre\/#primaryimage","url":"https:\/\/www.green-cottagechamarel.com\/wp-content\/uploads\/2018\/11\/Tree-Planter-700x466.jpg","contentUrl":"https:\/\/www.green-cottagechamarel.com\/wp-content\/uploads\/2018\/11\/Tree-Planter-700x466.jpg"},{"@type":"BreadcrumbList","@id":"https:\/\/www.green-cottagechamarel.com\/fr\/planter-un-arbre\/#breadcrumb","itemListElement":[{"@type":"ListItem","position":1,"name":"Home","item":"https:\/\/www.green-cottagechamarel.com\/fr\/"},{"@type":"ListItem","position":2,"name":"Sauver l&rsquo;environnement et planter un arbre"}]},{"@type":"WebSite","@id":"https:\/\/www.green-cottagechamarel.com\/#website","url":"https:\/\/www.green-cottagechamarel.com\/","name":"Green Cottage - Chamarel","description":"Villa in Mauritius","publisher":{"@id":"https:\/\/www.green-cottagechamarel.com\/#organization"},"potentialAction":[{"@type":"SearchAction","target":{"@type":"EntryPoint","urlTemplate":"https:\/\/www.green-cottagechamarel.com\/?s={search_term_string}"},"query-input":{"@type":"PropertyValueSpecification","valueRequired":true,"valueName":"search_term_string"}}],"inLanguage":"fr-FR"},{"@type":"Organization","@id":"https:\/\/www.green-cottagechamarel.com\/#organization","name":"Green Cottage - Chamarel","url":"https:\/\/www.green-cottagechamarel.com\/","logo":{"@type":"ImageObject","inLanguage":"fr-FR","@id":"https:\/\/www.green-cottagechamarel.com\/#\/schema\/logo\/image\/","url":"https:\/\/www.green-cottagechamarel.com\/wp-content\/uploads\/2018\/11\/logo-white-big.jpg","contentUrl":"https:\/\/www.green-cottagechamarel.com\/wp-content\/uploads\/2018\/11\/logo-white-big.jpg","width":227,"height":130,"caption":"Green Cottage - Chamarel"},"image":{"@id":"https:\/\/www.green-cottagechamarel.com\/#\/schema\/logo\/image\/"},"sameAs":["https:\/\/www.facebook.com\/greencottagechamarel\/"]}]}},"_links":{"self":[{"href":"https:\/\/www.green-cottagechamarel.com\/fr\/wp-json\/wp\/v2\/pages\/267","targetHints":{"allow":["GET"]}}],"collection":[{"href":"https:\/\/www.green-cottagechamarel.com\/fr\/wp-json\/wp\/v2\/pages"}],"about":[{"href":"https:\/\/www.green-cottagechamarel.com\/fr\/wp-json\/wp\/v2\/types\/page"}],"author":[{"embeddable":true,"href":"https:\/\/www.green-cottagechamarel.com\/fr\/wp-json\/wp\/v2\/users\/1"}],"replies":[{"embeddable":true,"href":"https:\/\/www.green-cottagechamarel.com\/fr\/wp-json\/wp\/v2\/comments?post=267"}],"version-history":[{"count":4,"href":"https:\/\/www.green-cottagechamarel.com\/fr\/wp-json\/wp\/v2\/pages\/267\/revisions"}],"predecessor-version":[{"id":1338,"href":"https:\/\/www.green-cottagechamarel.com\/fr\/wp-json\/wp\/v2\/pages\/267\/revisions\/1338"}],"wp:attachment":[{"href":"https:\/\/www.green-cottagechamarel.com\/fr\/wp-json\/wp\/v2\/media?parent=267"}],"curies":[{"name":"wp","href":"https:\/\/api.w.org\/{rel}","templated":true}]}}